{"id":67,"date":"2021-06-09T09:06:07","date_gmt":"2021-06-09T09:06:07","guid":{"rendered":"http:\/\/tiamo.mk\/new\/?page_id=67"},"modified":"2025-04-28T14:51:08","modified_gmt":"2025-04-28T14:51:08","slug":"home","status":"publish","type":"page","link":"https:\/\/tiamo.mk\/","title":{"rendered":"Home"},"content":{"rendered":"\t\t<div data-elementor-type=\"wp-page\" data-elementor-id=\"67\" class=\"elementor elementor-67\">\n\t\t\t\t\t\t<section class=\"elementor-section elementor-top-section elementor-element elementor-element-e30f23c elementor-section-full_width elementor-section-height-min-height elementor-section-items-top elementor-section-height-default\" data-id=\"e30f23c\" data-element_type=\"section\" data-settings=\"{&quot;background_background&quot;:&quot;classic&quot;}\">\n\t\t\t\t\t\t<div class=\"elementor-container elementor-column-gap-default\">\n\t\t\t\t\t<div class=\"elementor-column elementor-col-100 elementor-top-column elementor-element elementor-element-23815e2\" data-id=\"23815e2\" data-element_type=\"column\">\n\t\t\t<div class=\"elementor-widget-wrap elementor-element-populated\">\n\t\t\t\t\t\t<section class=\"elementor-section elementor-inner-section elementor-element elementor-element-6135cad elementor-section-boxed elementor-section-height-default elementor-section-height-default\" data-id=\"6135cad\" data-element_type=\"section\">\n\t\t\t\t\t\t<div class=\"elementor-container elementor-column-gap-default\">\n\t\t\t\t\t<div class=\"elementor-column elementor-col-100 elementor-inner-column elementor-element elementor-element-1281064\" data-id=\"1281064\" data-element_type=\"column\">\n\t\t\t<div class=\"elementor-widget-wrap elementor-element-populated\">\n\t\t\t\t\t\t<div class=\"elementor-element elementor-element-49fb7d6 elementor-widget elementor-widget-heading\" data-id=\"49fb7d6\" data-element_type=\"widget\" data-widget_type=\"heading.default\">\n\t\t\t\t<div class=\"elementor-widget-container\">\n\t\t\t\t\t<h1 class=\"elementor-heading-title elementor-size-default\">THE FINEST CUTS<\/h1>\t\t\t\t<\/div>\n\t\t\t\t<\/div>\n\t\t\t\t<div class=\"elementor-element elementor-element-7c41e43 elementor-widget elementor-widget-heading\" data-id=\"7c41e43\" data-element_type=\"widget\" data-widget_type=\"heading.default\">\n\t\t\t\t<div class=\"elementor-widget-container\">\n\t\t\t\t\t<h2 class=\"elementor-heading-title elementor-size-default\">Cut to perfection. Ready to grill.<\/h2>\t\t\t\t<\/div>\n\t\t\t\t<\/div>\n\t\t\t\t<div class=\"elementor-element elementor-element-bee194e elementor-widget elementor-widget-heading\" data-id=\"bee194e\" data-element_type=\"widget\" data-widget_type=\"heading.default\">\n\t\t\t\t<div class=\"elementor-widget-container\">\n\t\t\t\t\t<h2 class=\"elementor-heading-title elementor-size-default\">Now available in all KAM Markets.<\/h2>\t\t\t\t<\/div>\n\t\t\t\t<\/div>\n\t\t\t\t\t<\/div>\n\t\t<\/div>\n\t\t\t\t\t<\/div>\n\t\t<\/section>\n\t\t\t\t\t<\/div>\n\t\t<\/div>\n\t\t\t\t\t<\/div>\n\t\t<\/section>\n\t\t\t\t<section class=\"elementor-section elementor-top-section elementor-element elementor-element-405eb1a elementor-section-full_width elementor-section-height-default elementor-section-height-default\" data-id=\"405eb1a\" data-element_type=\"section\">\n\t\t\t\t\t\t<div class=\"elementor-container elementor-column-gap-default\">\n\t\t\t\t\t<div class=\"elementor-column elementor-col-25 elementor-top-column elementor-element elementor-element-84ea564\" data-id=\"84ea564\" data-element_type=\"column\" data-settings=\"{&quot;background_background&quot;:&quot;classic&quot;}\">\n\t\t\t<div class=\"elementor-widget-wrap elementor-element-populated\">\n\t\t\t\t\t\t<div class=\"elementor-element elementor-element-39eaf23 elementor-widget elementor-widget-heading\" data-id=\"39eaf23\" data-element_type=\"widget\" data-widget_type=\"heading.default\">\n\t\t\t\t<div class=\"elementor-widget-container\">\n\t\t\t\t\t<h4 class=\"elementor-heading-title elementor-size-default\">BOSANSKI<br>SUDZUK<\/h4>\t\t\t\t<\/div>\n\t\t\t\t<\/div>\n\t\t\t\t<div class=\"elementor-element elementor-element-5490230 elementor-widget elementor-widget-image\" data-id=\"5490230\" data-element_type=\"widget\" data-widget_type=\"image.default\">\n\t\t\t\t<div class=\"elementor-widget-container\">\n\t\t\t\t\t\t\t\t\t\t\t\t\t\t\t<img fetchpriority=\"high\" decoding=\"async\" width=\"800\" height=\"800\" src=\"https:\/\/tiamo.mk\/wp-content\/uploads\/2021\/05\/bosanski-sudzuk-1024x1024.png\" class=\"attachment-large size-large wp-image-170\" alt=\"\" srcset=\"https:\/\/tiamo.mk\/wp-content\/uploads\/2021\/05\/bosanski-sudzuk-1024x1024.png 1024w, https:\/\/tiamo.mk\/wp-content\/uploads\/2021\/05\/bosanski-sudzuk-300x300.png 300w, https:\/\/tiamo.mk\/wp-content\/uploads\/2021\/05\/bosanski-sudzuk-150x150.png 150w, https:\/\/tiamo.mk\/wp-content\/uploads\/2021\/05\/bosanski-sudzuk-768x768.png 768w, https:\/\/tiamo.mk\/wp-content\/uploads\/2021\/05\/bosanski-sudzuk.png 1200w\" sizes=\"(max-width: 800px) 100vw, 800px\" \/>\t\t\t\t\t\t\t\t\t\t\t\t\t\t\t<\/div>\n\t\t\t\t<\/div>\n\t\t\t\t<div class=\"elementor-element elementor-element-ecb7c96 elementor-align-center elementor-widget elementor-widget-button\" data-id=\"ecb7c96\" data-element_type=\"widget\" data-widget_type=\"button.default\">\n\t\t\t\t<div class=\"elementor-widget-container\">\n\t\t\t\t\t\t\t\t\t<div class=\"elementor-button-wrapper\">\n\t\t\t\t\t<a class=\"elementor-button elementor-button-link elementor-size-sm\" href=\"https:\/\/tiamo.mk\/?product=bosanski-sausage-2\">\n\t\t\t\t\t\t<span class=\"elementor-button-content-wrapper\">\n\t\t\t\t\t\t\t\t\t<span class=\"elementor-button-text\">See details<\/span>\n\t\t\t\t\t<\/span>\n\t\t\t\t\t<\/a>\n\t\t\t\t<\/div>\n\t\t\t\t\t\t\t\t<\/div>\n\t\t\t\t<\/div>\n\t\t\t\t\t<\/div>\n\t\t<\/div>\n\t\t\t\t<div class=\"elementor-column elementor-col-25 elementor-top-column elementor-element elementor-element-eca048a\" data-id=\"eca048a\" data-element_type=\"column\" data-settings=\"{&quot;background_background&quot;:&quot;classic&quot;}\">\n\t\t\t<div class=\"elementor-widget-wrap elementor-element-populated\">\n\t\t\t\t\t\t<div class=\"elementor-element elementor-element-761e82d elementor-widget elementor-widget-heading\" data-id=\"761e82d\" data-element_type=\"widget\" data-widget_type=\"heading.default\">\n\t\t\t\t<div class=\"elementor-widget-container\">\n\t\t\t\t\t<h4 class=\"elementor-heading-title elementor-size-default\">PILESHKA<br>SHUNKA<\/h4>\t\t\t\t<\/div>\n\t\t\t\t<\/div>\n\t\t\t\t<div class=\"elementor-element elementor-element-16aa93f elementor-widget elementor-widget-image\" data-id=\"16aa93f\" data-element_type=\"widget\" data-widget_type=\"image.default\">\n\t\t\t\t<div class=\"elementor-widget-container\">\n\t\t\t\t\t\t\t\t\t\t\t\t\t\t\t<img decoding=\"async\" width=\"800\" height=\"800\" src=\"https:\/\/tiamo.mk\/wp-content\/uploads\/2021\/05\/pileskasunka-1024x1024.png\" class=\"attachment-large size-large wp-image-184\" alt=\"\" srcset=\"https:\/\/tiamo.mk\/wp-content\/uploads\/2021\/05\/pileskasunka-1024x1024.png 1024w, https:\/\/tiamo.mk\/wp-content\/uploads\/2021\/05\/pileskasunka-300x300.png 300w, https:\/\/tiamo.mk\/wp-content\/uploads\/2021\/05\/pileskasunka-150x150.png 150w, https:\/\/tiamo.mk\/wp-content\/uploads\/2021\/05\/pileskasunka-768x768.png 768w, https:\/\/tiamo.mk\/wp-content\/uploads\/2021\/05\/pileskasunka.png 1200w\" sizes=\"(max-width: 800px) 100vw, 800px\" \/>\t\t\t\t\t\t\t\t\t\t\t\t\t\t\t<\/div>\n\t\t\t\t<\/div>\n\t\t\t\t<div class=\"elementor-element elementor-element-63500d5 elementor-align-center elementor-widget elementor-widget-button\" data-id=\"63500d5\" data-element_type=\"widget\" data-widget_type=\"button.default\">\n\t\t\t\t<div class=\"elementor-widget-container\">\n\t\t\t\t\t\t\t\t\t<div class=\"elementor-button-wrapper\">\n\t\t\t\t\t<a class=\"elementor-button elementor-button-link elementor-size-sm\" href=\"https:\/\/tiamo.mk\/?product=chicken-breasts\">\n\t\t\t\t\t\t<span class=\"elementor-button-content-wrapper\">\n\t\t\t\t\t\t\t\t\t<span class=\"elementor-button-text\">See details<\/span>\n\t\t\t\t\t<\/span>\n\t\t\t\t\t<\/a>\n\t\t\t\t<\/div>\n\t\t\t\t\t\t\t\t<\/div>\n\t\t\t\t<\/div>\n\t\t\t\t\t<\/div>\n\t\t<\/div>\n\t\t\t\t<div class=\"elementor-column elementor-col-25 elementor-top-column elementor-element elementor-element-9764278\" data-id=\"9764278\" data-element_type=\"column\" data-settings=\"{&quot;background_background&quot;:&quot;classic&quot;}\">\n\t\t\t<div class=\"elementor-widget-wrap elementor-element-populated\">\n\t\t\t\t\t\t<div class=\"elementor-element elementor-element-aaf8d9e elementor-widget elementor-widget-heading\" data-id=\"aaf8d9e\" data-element_type=\"widget\" data-widget_type=\"heading.default\">\n\t\t\t\t<div class=\"elementor-widget-container\">\n\t\t\t\t\t<h4 class=\"elementor-heading-title elementor-size-default\">GOLDEN<br>FILE<\/h4>\t\t\t\t<\/div>\n\t\t\t\t<\/div>\n\t\t\t\t<div class=\"elementor-element elementor-element-00f9f91 elementor-widget elementor-widget-image\" data-id=\"00f9f91\" data-element_type=\"widget\" data-widget_type=\"image.default\">\n\t\t\t\t<div class=\"elementor-widget-container\">\n\t\t\t\t\t\t\t\t\t\t\t\t\t\t\t<img decoding=\"async\" width=\"800\" height=\"800\" src=\"https:\/\/tiamo.mk\/wp-content\/uploads\/2021\/05\/goldenfile-1024x1024.png\" class=\"attachment-large size-large wp-image-173\" alt=\"\" srcset=\"https:\/\/tiamo.mk\/wp-content\/uploads\/2021\/05\/goldenfile-1024x1024.png 1024w, https:\/\/tiamo.mk\/wp-content\/uploads\/2021\/05\/goldenfile-300x300.png 300w, https:\/\/tiamo.mk\/wp-content\/uploads\/2021\/05\/goldenfile-150x150.png 150w, https:\/\/tiamo.mk\/wp-content\/uploads\/2021\/05\/goldenfile-768x768.png 768w, https:\/\/tiamo.mk\/wp-content\/uploads\/2021\/05\/goldenfile.png 1200w\" sizes=\"(max-width: 800px) 100vw, 800px\" \/>\t\t\t\t\t\t\t\t\t\t\t\t\t\t\t<\/div>\n\t\t\t\t<\/div>\n\t\t\t\t<div class=\"elementor-element elementor-element-57a26dc elementor-align-center elementor-widget elementor-widget-button\" data-id=\"57a26dc\" data-element_type=\"widget\" data-widget_type=\"button.default\">\n\t\t\t\t<div class=\"elementor-widget-container\">\n\t\t\t\t\t\t\t\t\t<div class=\"elementor-button-wrapper\">\n\t\t\t\t\t<a class=\"elementor-button elementor-button-link elementor-size-sm\" href=\"https:\/\/tiamo.mk\/?product=golden-file\">\n\t\t\t\t\t\t<span class=\"elementor-button-content-wrapper\">\n\t\t\t\t\t\t\t\t\t<span class=\"elementor-button-text\">See details<\/span>\n\t\t\t\t\t<\/span>\n\t\t\t\t\t<\/a>\n\t\t\t\t<\/div>\n\t\t\t\t\t\t\t\t<\/div>\n\t\t\t\t<\/div>\n\t\t\t\t\t<\/div>\n\t\t<\/div>\n\t\t\t\t<div class=\"elementor-column elementor-col-25 elementor-top-column elementor-element elementor-element-7c00bac\" data-id=\"7c00bac\" data-element_type=\"column\" data-settings=\"{&quot;background_background&quot;:&quot;classic&quot;}\">\n\t\t\t<div class=\"elementor-widget-wrap elementor-element-populated\">\n\t\t\t\t\t\t<div class=\"elementor-element elementor-element-f4150af elementor-widget elementor-widget-heading\" data-id=\"f4150af\" data-element_type=\"widget\" data-widget_type=\"heading.default\">\n\t\t\t\t<div class=\"elementor-widget-container\">\n\t\t\t\t\t<h4 class=\"elementor-heading-title elementor-size-default\">GOVEDSKA<br>PRSHUTA<\/h4>\t\t\t\t<\/div>\n\t\t\t\t<\/div>\n\t\t\t\t<div class=\"elementor-element elementor-element-d76ccea elementor-widget elementor-widget-image\" data-id=\"d76ccea\" data-element_type=\"widget\" data-widget_type=\"image.default\">\n\t\t\t\t<div class=\"elementor-widget-container\">\n\t\t\t\t\t\t\t\t\t\t\t\t\t\t\t<img loading=\"lazy\" decoding=\"async\" width=\"800\" height=\"800\" src=\"https:\/\/tiamo.mk\/wp-content\/uploads\/2021\/05\/govedskaprsuta-1024x1024.png\" class=\"attachment-large size-large wp-image-180\" alt=\"\" srcset=\"https:\/\/tiamo.mk\/wp-content\/uploads\/2021\/05\/govedskaprsuta-1024x1024.png 1024w, https:\/\/tiamo.mk\/wp-content\/uploads\/2021\/05\/govedskaprsuta-300x300.png 300w, https:\/\/tiamo.mk\/wp-content\/uploads\/2021\/05\/govedskaprsuta-150x150.png 150w, https:\/\/tiamo.mk\/wp-content\/uploads\/2021\/05\/govedskaprsuta-768x768.png 768w, https:\/\/tiamo.mk\/wp-content\/uploads\/2021\/05\/govedskaprsuta.png 1200w\" sizes=\"(max-width: 800px) 100vw, 800px\" \/>\t\t\t\t\t\t\t\t\t\t\t\t\t\t\t<\/div>\n\t\t\t\t<\/div>\n\t\t\t\t<div class=\"elementor-element elementor-element-4cd9757 elementor-align-center elementor-widget elementor-widget-button\" data-id=\"4cd9757\" data-element_type=\"widget\" data-widget_type=\"button.default\">\n\t\t\t\t<div class=\"elementor-widget-container\">\n\t\t\t\t\t\t\t\t\t<div class=\"elementor-button-wrapper\">\n\t\t\t\t\t<a class=\"elementor-button elementor-button-link elementor-size-sm\" href=\"https:\/\/tiamo.mk\/?product=beef-prosciutto\">\n\t\t\t\t\t\t<span class=\"elementor-button-content-wrapper\">\n\t\t\t\t\t\t\t\t\t<span class=\"elementor-button-text\">See details<\/span>\n\t\t\t\t\t<\/span>\n\t\t\t\t\t<\/a>\n\t\t\t\t<\/div>\n\t\t\t\t\t\t\t\t<\/div>\n\t\t\t\t<\/div>\n\t\t\t\t\t<\/div>\n\t\t<\/div>\n\t\t\t\t\t<\/div>\n\t\t<\/section>\n\t\t\t\t<section class=\"elementor-section elementor-top-section elementor-element elementor-element-cac821a elementor-section-boxed elementor-section-height-default elementor-section-height-default\" data-id=\"cac821a\" data-element_type=\"section\" data-settings=\"{&quot;background_background&quot;:&quot;classic&quot;}\">\n\t\t\t\t\t\t<div class=\"elementor-container elementor-column-gap-default\">\n\t\t\t\t\t<div class=\"elementor-column elementor-col-100 elementor-top-column elementor-element elementor-element-e6233da\" data-id=\"e6233da\" data-element_type=\"column\">\n\t\t\t<div class=\"elementor-widget-wrap elementor-element-populated\">\n\t\t\t\t\t\t<section class=\"elementor-section elementor-inner-section elementor-element elementor-element-a584a9e elementor-section-boxed elementor-section-height-default elementor-section-height-default\" data-id=\"a584a9e\" data-element_type=\"section\" data-settings=\"{&quot;background_background&quot;:&quot;classic&quot;}\">\n\t\t\t\t\t\t<div class=\"elementor-container elementor-column-gap-default\">\n\t\t\t\t\t<div class=\"elementor-column elementor-col-50 elementor-inner-column elementor-element elementor-element-903c617 elementor-hidden-phone\" data-id=\"903c617\" data-element_type=\"column\">\n\t\t\t<div class=\"elementor-widget-wrap\">\n\t\t\t\t\t\t\t<\/div>\n\t\t<\/div>\n\t\t\t\t<div class=\"elementor-column elementor-col-50 elementor-inner-column elementor-element elementor-element-ed2253e\" data-id=\"ed2253e\" data-element_type=\"column\" data-settings=\"{&quot;background_background&quot;:&quot;classic&quot;}\">\n\t\t\t<div class=\"elementor-widget-wrap elementor-element-populated\">\n\t\t\t\t\t\t<div class=\"elementor-element elementor-element-d9fddf3 elementor-widget elementor-widget-spacer\" data-id=\"d9fddf3\" data-element_type=\"widget\" data-widget_type=\"spacer.default\">\n\t\t\t\t<div class=\"elementor-widget-container\">\n\t\t\t\t\t\t\t<div class=\"elementor-spacer\">\n\t\t\t<div class=\"elementor-spacer-inner\"><\/div>\n\t\t<\/div>\n\t\t\t\t\t\t<\/div>\n\t\t\t\t<\/div>\n\t\t\t\t<div class=\"elementor-element elementor-element-8e29e93 elementor-widget elementor-widget-heading\" data-id=\"8e29e93\" data-element_type=\"widget\" data-widget_type=\"heading.default\">\n\t\t\t\t<div class=\"elementor-widget-container\">\n\t\t\t\t\t<h2 class=\"elementor-heading-title elementor-size-default\">Learn about the finest<\/h2>\t\t\t\t<\/div>\n\t\t\t\t<\/div>\n\t\t\t\t<div class=\"elementor-element elementor-element-d5b6719 elementor-widget elementor-widget-spacer\" data-id=\"d5b6719\" data-element_type=\"widget\" data-widget_type=\"spacer.default\">\n\t\t\t\t<div class=\"elementor-widget-container\">\n\t\t\t\t\t\t\t<div class=\"elementor-spacer\">\n\t\t\t<div class=\"elementor-spacer-inner\"><\/div>\n\t\t<\/div>\n\t\t\t\t\t\t<\/div>\n\t\t\t\t<\/div>\n\t\t\t\t<div class=\"elementor-element elementor-element-ce031d5 elementor-widget elementor-widget-text-editor\" data-id=\"ce031d5\" data-element_type=\"widget\" data-widget_type=\"text-editor.default\">\n\t\t\t\t<div class=\"elementor-widget-container\">\n\t\t\t\t\t\t\t\t\t<div class=\"wpb_text_column wpb_content_element \">\n<div class=\"wpb_wrapper\">\n\nWe offer a diverse menu of quality beef and chicken products for your store, restaurant and dinner table.\n\nEthically sourced, with the highest quality of feeding, and selection &#8211; with marbling and freshness being our key selection criteria.\n\n<\/div>\n<\/div>\n\n<div style=\"position: absolute; left: -29134px;\"><h2>\u00c9lm\u00e9nyeim az Aviator j\u00e1t\u00e9kkal online kaszin\u00f3kban<\/h2><p>Nemr\u00e9g kipr\u00f3b\u00e1ltam az Aviator j\u00e1t\u00e9kot n\u00e9h\u00e1ny online kaszin\u00f3ban, \u00e9s teljesen leny\u0171g\u00f6z\u00f6tt a dinamik\u00e1ja. Az <a href=\"https:\/\/casinovilag.net\/aviator-jatek\/\">Aviator kaszin\u00f3j\u00e1t\u00e9k<\/a> izgalmas \u00e9s k\u00f6nnyen k\u00f6vethet\u0151 mechanik\u00e1ja \u00faj szintre emelte a j\u00e1t\u00e9k\u00e9lm\u00e9nyt. A grafik\u00e1k l\u00e1tv\u00e1nyosak, a j\u00e1t\u00e9k pedig gyorsan beszippantott. Ha k\u00e9rd\u00e9sem volt, az \u00fcgyf\u00e9lszolg\u00e1lat mindig k\u00e9szs\u00e9gesen seg\u00edtett. Ez a j\u00e1t\u00e9k val\u00f3ban k\u00fcl\u00f6nleges kikapcsol\u00f3d\u00e1st ny\u00fajt.<\/p><h2>Tapasztalataim a magyar online kaszin\u00f3kkal<\/h2><p>M\u00e1r t\u00f6bb magyar online kaszin\u00f3ban is j\u00e1tszottam, \u00e9s mindig izgalmas \u00e9lm\u00e9nyeket szereztem. Az <a href=\"https:\/\/ingyeneskaszinobonusz.com\/\">ingyeneskaszinobonusz.com<\/a> \u00e1ltal k\u00edn\u00e1lt platformok v\u00e1ltozatos j\u00e1t\u00e9kokat \u00e9s k\u00f6nnyen kezelhet\u0151 fel\u00fcletet biztos\u00edtottak. A prom\u00f3ci\u00f3k sz\u00ednes\u00edtett\u00e9k a j\u00e1t\u00e9kmenetet, a tranzakci\u00f3k pedig z\u00f6kken\u0151mentesek voltak. Az \u00fcgyf\u00e9lszolg\u00e1lat gyorsan v\u00e1laszolt, ha k\u00e9rd\u00e9sem mer\u00fclt fel. \u00c9rdemes kipr\u00f3b\u00e1lni ezeket a kaszin\u00f3kat a sz\u00f3rakoztat\u00f3 lehet\u0151s\u00e9gek miatt.<\/p><h2>Kokemukseni ilmaisesta pelirahasta kasinoilla<\/h2><p>Olen hy\u00f6dynt\u00e4nyt ilmaista pelirahaa ilman talletusta muutamilla kasinoilla, ja se on ollut hauska tapa kokeilla uusia pelej\u00e4. Tarjoukset, kuten <a href=\"https:\/\/kasinot-suomi.com\/s1174\">ilmaista pelirahaa ilman talletusta kasinolle<\/a>, antoivat minulle mahdollisuuden tutustua kasinoihin riskitt\u00f6m\u00e4sti. Pelit toimivat moitteettomasti, ja bonusten ehdot olivat selke\u00e4sti esitetty. Asiakaspalvelu auttoi nopeasti, kun tarvitsin lis\u00e4tietoja. T\u00e4llaiset tarjoukset ovat loistava tapa aloittaa kasinopelaaminen.<\/p><\/div>\t\t\t\t\t\t\t\t<\/div>\n\t\t\t\t<\/div>\n\t\t\t\t<div class=\"elementor-element elementor-element-1d890f0 elementor-widget elementor-widget-spacer\" data-id=\"1d890f0\" data-element_type=\"widget\" data-widget_type=\"spacer.default\">\n\t\t\t\t<div class=\"elementor-widget-container\">\n\t\t\t\t\t\t\t<div class=\"elementor-spacer\">\n\t\t\t<div class=\"elementor-spacer-inner\"><\/div>\n\t\t<\/div>\n\t\t\t\t\t\t<\/div>\n\t\t\t\t<\/div>\n\t\t\t\t<div class=\"elementor-element elementor-element-01bb3de elementor-widget elementor-widget-button\" data-id=\"01bb3de\" data-element_type=\"widget\" data-widget_type=\"button.default\">\n\t\t\t\t<div class=\"elementor-widget-container\">\n\t\t\t\t\t\t\t\t\t<div class=\"elementor-button-wrapper\">\n\t\t\t\t\t<a class=\"elementor-button elementor-button-link elementor-size-md\" href=\"https:\/\/tiamo.mk\/?page_id=82\">\n\t\t\t\t\t\t<span class=\"elementor-button-content-wrapper\">\n\t\t\t\t\t\t\t\t\t<span class=\"elementor-button-text\">Learn more<\/span>\n\t\t\t\t\t<\/span>\n\t\t\t\t\t<\/a>\n\t\t\t\t<\/div>\n\t\t\t\t\t\t\t\t<\/div>\n\t\t\t\t<\/div>\n\t\t\t\t<div class=\"elementor-element elementor-element-7842ab4 elementor-widget elementor-widget-spacer\" data-id=\"7842ab4\" data-element_type=\"widget\" data-widget_type=\"spacer.default\">\n\t\t\t\t<div class=\"elementor-widget-container\">\n\t\t\t\t\t\t\t<div class=\"elementor-spacer\">\n\t\t\t<div class=\"elementor-spacer-inner\"><\/div>\n\t\t<\/div>\n\t\t\t\t\t\t<\/div>\n\t\t\t\t<\/div>\n\t\t\t\t\t<\/div>\n\t\t<\/div>\n\t\t\t\t\t<\/div>\n\t\t<\/section>\n\t\t\t\t\t<\/div>\n\t\t<\/div>\n\t\t\t\t\t<\/div>\n\t\t<\/section>\n\t\t\t\t<section class=\"elementor-section elementor-top-section elementor-element elementor-element-2cf047b elementor-section-boxed elementor-section-height-default elementor-section-height-default\" data-id=\"2cf047b\" data-element_type=\"section\" data-settings=\"{&quot;background_background&quot;:&quot;classic&quot;}\">\n\t\t\t\t\t\t<div class=\"elementor-container elementor-column-gap-default\">\n\t\t\t\t\t<div class=\"elementor-column elementor-col-100 elementor-top-column elementor-element elementor-element-ba1e7b4\" data-id=\"ba1e7b4\" data-element_type=\"column\">\n\t\t\t<div class=\"elementor-widget-wrap elementor-element-populated\">\n\t\t\t\t\t\t<div class=\"elementor-element elementor-element-f5b2cc8 elementor-widget elementor-widget-spacer\" data-id=\"f5b2cc8\" data-element_type=\"widget\" data-widget_type=\"spacer.default\">\n\t\t\t\t<div class=\"elementor-widget-container\">\n\t\t\t\t\t\t\t<div class=\"elementor-spacer\">\n\t\t\t<div class=\"elementor-spacer-inner\"><\/div>\n\t\t<\/div>\n\t\t\t\t\t\t<\/div>\n\t\t\t\t<\/div>\n\t\t\t\t<div class=\"elementor-element elementor-element-3209aa0 elementor-widget elementor-widget-heading\" data-id=\"3209aa0\" data-element_type=\"widget\" data-widget_type=\"heading.default\">\n\t\t\t\t<div class=\"elementor-widget-container\">\n\t\t\t\t\t<h4 class=\"elementor-heading-title elementor-size-default\">Tiamo values your input greatly.<br>\nFor all your inquiries, questions or criticisms follow the link below.<\/h4>\t\t\t\t<\/div>\n\t\t\t\t<\/div>\n\t\t\t\t<div class=\"elementor-element elementor-element-345d7b8 elementor-widget elementor-widget-spacer\" data-id=\"345d7b8\" data-element_type=\"widget\" data-widget_type=\"spacer.default\">\n\t\t\t\t<div class=\"elementor-widget-container\">\n\t\t\t\t\t\t\t<div class=\"elementor-spacer\">\n\t\t\t<div class=\"elementor-spacer-inner\"><\/div>\n\t\t<\/div>\n\t\t\t\t\t\t<\/div>\n\t\t\t\t<\/div>\n\t\t\t\t<div class=\"elementor-element elementor-element-83acd4f elementor-align-center elementor-widget elementor-widget-button\" data-id=\"83acd4f\" data-element_type=\"widget\" data-widget_type=\"button.default\">\n\t\t\t\t<div class=\"elementor-widget-container\">\n\t\t\t\t\t\t\t\t\t<div class=\"elementor-button-wrapper\">\n\t\t\t\t\t<a class=\"elementor-button elementor-button-link elementor-size-md\" href=\"https:\/\/tiamo.mk\/?page_id=83\">\n\t\t\t\t\t\t<span class=\"elementor-button-content-wrapper\">\n\t\t\t\t\t\t\t\t\t<span class=\"elementor-button-text\">Contact us<\/span>\n\t\t\t\t\t<\/span>\n\t\t\t\t\t<\/a>\n\t\t\t\t<\/div>\n\t\t\t\t\t\t\t\t<\/div>\n\t\t\t\t<\/div>\n\t\t\t\t<div class=\"elementor-element elementor-element-c9c0247 elementor-widget elementor-widget-spacer\" data-id=\"c9c0247\" data-element_type=\"widget\" data-widget_type=\"spacer.default\">\n\t\t\t\t<div class=\"elementor-widget-container\">\n\t\t\t\t\t\t\t<div class=\"elementor-spacer\">\n\t\t\t<div class=\"elementor-spacer-inner\"><\/div>\n\t\t<\/div>\n\t\t\t\t\t\t<\/div>\n\t\t\t\t<\/div>\n\t\t\t\t\t<\/div>\n\t\t<\/div>\n\t\t\t\t\t<\/div>\n\t\t<\/section>\n\t\t\t\t<\/div>\n\t\t","protected":false},"excerpt":{"rendered":"<p>THE FINEST CUTS Cut to perfection. Ready to grill. Now available in all KAM Markets. BOSANSKISUDZUK See details PILESHKASHUNKA See details GOLDENFILE See details GOVEDSKAPRSHUTA See details Learn about the finest We offer a diverse menu of quality beef and chicken products for your store, restaurant and dinner table. Ethically sourced, with the highest quality [&hellip;]<\/p>\n","protected":false},"author":1,"featured_media":0,"parent":0,"menu_order":0,"comment_status":"closed","ping_status":"closed","template":"","meta":{"footnotes":""},"class_list":["post-67","page","type-page","status-publish","hentry"],"_links":{"self":[{"href":"https:\/\/tiamo.mk\/index.php?rest_route=\/wp\/v2\/pages\/67","targetHints":{"allow":["GET"]}}],"collection":[{"href":"https:\/\/tiamo.mk\/index.php?rest_route=\/wp\/v2\/pages"}],"about":[{"href":"https:\/\/tiamo.mk\/index.php?rest_route=\/wp\/v2\/types\/page"}],"author":[{"embeddable":true,"href":"https:\/\/tiamo.mk\/index.php?rest_route=\/wp\/v2\/users\/1"}],"replies":[{"embeddable":true,"href":"https:\/\/tiamo.mk\/index.php?rest_route=%2Fwp%2Fv2%2Fcomments&post=67"}],"version-history":[{"count":136,"href":"https:\/\/tiamo.mk\/index.php?rest_route=\/wp\/v2\/pages\/67\/revisions"}],"predecessor-version":[{"id":478,"href":"https:\/\/tiamo.mk\/index.php?rest_route=\/wp\/v2\/pages\/67\/revisions\/478"}],"wp:attachment":[{"href":"https:\/\/tiamo.mk\/index.php?rest_route=%2Fwp%2Fv2%2Fmedia&parent=67"}],"curies":[{"name":"wp","href":"https:\/\/api.w.org\/{rel}","templated":true}]}}